{"id":850,"date":"2024-12-23T19:43:30","date_gmt":"2024-12-23T19:43:30","guid":{"rendered":"https:\/\/tingambato.gob.mx\/?page_id=850"},"modified":"2024-12-23T19:50:40","modified_gmt":"2024-12-23T19:50:40","slug":"fiesta-de-san-antonio","status":"publish","type":"page","link":"http:\/\/tingambato.gob.mx\/index.php\/fiesta-de-san-antonio\/","title":{"rendered":"Fiesta de San Antonio"},"content":{"rendered":"<div class=\"fusion-fullwidth fullwidth-box fusion-builder-row-1 fusion-flex-container has-pattern-background has-mask-background nonhundred-percent-fullwidth non-hundred-percent-height-scrolling\" style=\"--awb-border-radius-top-left:0px;--awb-border-radius-top-right:0px;--awb-border-radius-bottom-right:0px;--awb-border-radius-bottom-left:0px;--awb-flex-wrap:wrap;\" ><div class=\"fusion-builder-row fusion-row fusion-flex-align-items-flex-start fusion-flex-content-wrap\" style=\"max-width:1216.8px;margin-left: calc(-4% \/ 2 );margin-right: calc(-4% \/ 2 );\"><div class=\"fusion-layout-column fusion_builder_column fusion-builder-column-0 fusion_builder_column_1_1 1_1 fusion-flex-column\" style=\"--awb-bg-size:cover;--awb-width-large:100%;--awb-margin-top-large:0px;--awb-spacing-right-large:1.92%;--awb-margin-bottom-large:20px;--awb-spacing-left-large:1.92%;--awb-width-medium:100%;--awb-order-medium:0;--awb-spacing-right-medium:1.92%;--awb-spacing-left-medium:1.92%;--awb-width-small:100%;--awb-order-small:0;--awb-spacing-right-small:1.92%;--awb-spacing-left-small:1.92%;\"><div class=\"fusion-column-wrapper fusion-column-has-shadow fusion-flex-justify-content-flex-start fusion-content-layout-column\"><div class=\"fusion-separator fusion-full-width-sep\" style=\"align-self: center;margin-left: auto;margin-right: auto;margin-top:100px;width:100%;\"><\/div><\/div><\/div><div class=\"fusion-layout-column fusion_builder_column fusion-builder-column-1 fusion_builder_column_1_2 1_2 fusion-flex-column\" style=\"--awb-bg-size:cover;--awb-width-large:50%;--awb-margin-top-large:0px;--awb-spacing-right-large:3.84%;--awb-margin-bottom-large:20px;--awb-spacing-left-large:3.84%;--awb-width-medium:100%;--awb-order-medium:0;--awb-spacing-right-medium:1.92%;--awb-spacing-left-medium:1.92%;--awb-width-small:100%;--awb-order-small:0;--awb-spacing-right-small:1.92%;--awb-spacing-left-small:1.92%;\"><div class=\"fusion-column-wrapper fusion-column-has-shadow fusion-flex-justify-content-flex-start fusion-content-layout-column\"><div class=\"fusion-text fusion-text-1\"><p><strong>Fiesta de San Antonio en Tingambato, Michoac\u00e1n<\/strong><\/p>\n<p>La Fiesta de San Antonio en Tingambato es una de las celebraciones m\u00e1s importantes y esperadas por los habitantes de este pintoresco municipio ubicado en el estado de Michoac\u00e1n. Esta fiesta religiosa y popular se lleva a cabo en honor a San Antonio de Padua, el santo patr\u00f3n del lugar, y es una tradici\u00f3n que re\u00fane a locales y visitantes de diferentes partes del estado y m\u00e1s all\u00e1.<\/p>\n<p>La festividad se celebra en el mes de junio, generalmente alrededor del d\u00eda 13, que es la fecha oficial de la festividad de San Antonio. Durante esta celebraci\u00f3n, Tingambato se llena de colores, m\u00fasica y danzas que evocan las ra\u00edces culturales del pueblo. Es una ocasi\u00f3n para rendir homenaje a San Antonio, quien es reconocido como el santo de los milagros y protector de los m\u00e1s necesitados.<\/p>\n<h3><strong>Caracter\u00edsticas de la Fiesta:<\/strong><\/h3>\n<ol>\n<li><strong>Misas y Procesiones<\/strong>: La festividad comienza con la tradicional Misa en honor a San Antonio, seguida por una procesi\u00f3n religiosa por las principales calles del municipio. Los fieles portan im\u00e1genes del santo y rezan pidiendo bendiciones para la comunidad.<\/li>\n<li><strong>Danzas y M\u00fasica<\/strong>: La Plaza Principal y las calles de Tingambato se llenan de vida con las danzas aut\u00f3ctonas y regionales, como las danzas de los &#8220;Viejitos&#8221; y &#8220;Los Pescadores&#8221;, que son ejecutadas por grupos locales. La m\u00fasica tradicional de banda y mariachis acompa\u00f1a la celebraci\u00f3n durante todo el d\u00eda.<\/li>\n<li><strong>Feria Popular<\/strong>: Una de las grandes atracciones es la feria, con sus coloridas luces, juegos mec\u00e1nicos y puestos de comida t\u00edpica. Los visitantes pueden disfrutar de delicias como las corundas, uchepos, atole y carnitas, as\u00ed como bebidas tradicionales como el agua de Jamaica o el pulque.<\/li>\n<li><strong>Eventos Culturales y Deportivos<\/strong>: Adem\u00e1s de los eventos religiosos y de entretenimiento, se organizan competiciones deportivas y culturales, como torneos de f\u00fatbol, carreras y exhibiciones de arte local.<\/li>\n<\/ol>\n<h3><strong>Invitaci\u00f3n a la Fiesta de San Antonio<\/strong><\/h3>\n<p><strong>\u00a1Est\u00e1s invitado a vivir una experiencia \u00fanica!<\/strong><br \/>\nVen a Tingambato y forma parte de nuestra <strong>Fiesta de San Antonio<\/strong>. Te esperamos para celebrar juntos una tradici\u00f3n llena de fe, alegr\u00eda y cultura. No te pierdas las procesiones, las danzas, la m\u00fasica en vivo y la deliciosa comida que solo este evento puede ofrecer. Disfruta de una fiesta aut\u00e9ntica que mantiene viva nuestra historia y nuestras costumbres. \u00a1Ser\u00e1 una ocasi\u00f3n inolvidable!<\/p>\n<p><strong>Fecha:<\/strong> 13 de junio<br \/>\n<strong>Lugar:<\/strong> Tingambato, Michoac\u00e1n<\/p>\n<p>\u00a1Te esperamos con los brazos abiertos para celebrar a San Antonio con mucho fervor y alegr\u00eda!<\/p>\n<\/div><\/div><\/div><div class=\"fusion-layout-column fusion_builder_column fusion-builder-column-2 fusion_builder_column_1_2 1_2 fusion-flex-column\" style=\"--awb-bg-size:cover;--awb-width-large:50%;--awb-margin-top-large:0px;--awb-spacing-right-large:3.84%;--awb-margin-bottom-large:20px;--awb-spacing-left-large:3.84%;--awb-width-medium:100%;--awb-order-medium:0;--awb-spacing-right-medium:1.92%;--awb-spacing-left-medium:1.92%;--awb-width-small:100%;--awb-order-small:0;--awb-spacing-right-small:1.92%;--awb-spacing-left-small:1.92%;\"><div class=\"fusion-column-wrapper fusion-column-has-shadow fusion-flex-justify-content-flex-start fusion-content-layout-column\"><div class=\"fusion-image-element \" style=\"text-align:center;--awb-bottom-shadow-color:hsla(var(--awb-color6-h),var(--awb-color6-s),calc(var(--awb-color6-l) - 20%),var(--awb-color6-a));--awb-aspect-ratio:1 \/ 1;--awb-object-position:48% 17%;--awb-caption-title-font-family:var(--h2_typography-font-family);--awb-caption-title-font-weight:var(--h2_typography-font-weight);--awb-caption-title-font-style:var(--h2_typography-font-style);--awb-caption-title-size:var(--h2_typography-font-size);--awb-caption-title-transform:var(--h2_typography-text-transform);--awb-caption-title-line-height:var(--h2_typography-line-height);--awb-caption-title-letter-spacing:var(--h2_typography-letter-spacing);\"><div class=\"awb-image-frame awb-image-frame-1 awb-bottomshadow\"><span class=\" fusion-imageframe imageframe-bottomshadow imageframe-1 hover-type-none has-aspect-ratio\"><img decoding=\"async\" width=\"1200\" height=\"1600\" title=\"WhatsApp Image 2024-12-19 at 12.20.51\" src=\"http:\/\/tingambato.gob.mx\/wp-content\/uploads\/2024\/12\/WhatsApp-Image-2024-12-19-at-12.20.51.jpeg\" data-orig-src=\"http:\/\/tingambato.gob.mx\/wp-content\/uploads\/2024\/12\/WhatsApp-Image-2024-12-19-at-12.20.51.jpeg\" class=\"lazyload img-responsive wp-image-851 img-with-aspect-ratio\" data-parent-fit=\"cover\" data-parent-container=\".fusion-image-element\" alt srcset=\"data:image\/svg+xml,%3Csvg%20xmlns%3D%27http%3A%2F%2Fwww.w3.org%2F2000%2Fsvg%27%20width%3D%271200%27%20height%3D%271600%27%20viewBox%3D%270%200%201200%201600%27%3E%3Crect%20width%3D%271200%27%20height%3D%271600%27%20fill-opacity%3D%220%22%2F%3E%3C%2Fsvg%3E\" data-srcset=\"http:\/\/tingambato.gob.mx\/wp-content\/uploads\/2024\/12\/WhatsApp-Image-2024-12-19-at-12.20.51-200x267.jpeg 200w, http:\/\/tingambato.gob.mx\/wp-content\/uploads\/2024\/12\/WhatsApp-Image-2024-12-19-at-12.20.51-400x533.jpeg 400w, http:\/\/tingambato.gob.mx\/wp-content\/uploads\/2024\/12\/WhatsApp-Image-2024-12-19-at-12.20.51-600x800.jpeg 600w, http:\/\/tingambato.gob.mx\/wp-content\/uploads\/2024\/12\/WhatsApp-Image-2024-12-19-at-12.20.51-800x1067.jpeg 800w, http:\/\/tingambato.gob.mx\/wp-content\/uploads\/2024\/12\/WhatsApp-Image-2024-12-19-at-12.20.51.jpeg 1200w\" data-sizes=\"auto\" data-orig-sizes=\"(max-width: 800px) 100vw, (max-width: 640px) 100vw, 600px\" \/><\/span><svg xmlns=\"http:\/\/www.w3.org\/2000\/svg\" version=\"1.1\" width=\"100%\" viewBox=\"0 0 600 28\" preserveAspectRatio=\"none\"><g clip-path=\"url(#a)\"><mask id=\"b\" style=\"mask-type:luminance\" maskUnits=\"userSpaceOnUse\" x=\"0\" y=\"0\" width=\"600\" height=\"28\"><path d=\"M0 0h600v28H0V0Z\" fill=\"#fff\"\/><\/mask><g filter=\"url(#c)\" mask=\"url(#b)\"><path d=\"M16.439-18.667h567.123v30.8S438.961-8.4 300-8.4C161.04-8.4 16.438 12.133 16.438 12.133v-30.8Z\" fill=\"#000\"\/><\/g><\/g><defs><clipPath id=\"a\"><path fill=\"#fff\" d=\"M0 0h600v28H0z\"\/><\/clipPath><filter id=\"c\" x=\"5.438\" y=\"-29.667\" width=\"589.123\" height=\"52.8\" filterUnits=\"userSpaceOnUse\" color-interpolation-filters=\"sRGB\"><feFlood flood-opacity=\"0\" result=\"BackgroundImageFix\"\/><feBlend in=\"SourceGraphic\" in2=\"BackgroundImageFix\" result=\"shape\"\/><feGaussianBlur stdDeviation=\"5.5\" result=\"effect1_foregroundBlur_3983_183\"\/><\/filter><\/defs><\/svg><\/div><\/div><div class=\"fusion-separator fusion-full-width-sep\" style=\"align-self: center;margin-left: auto;margin-right: auto;margin-top:100px;width:100%;\"><\/div><div class=\"fusion-image-element \" style=\"text-align:center;--awb-caption-title-font-family:var(--h2_typography-font-family);--awb-caption-title-font-weight:var(--h2_typography-font-weight);--awb-caption-title-font-style:var(--h2_typography-font-style);--awb-caption-title-size:var(--h2_typography-font-size);--awb-caption-title-transform:var(--h2_typography-text-transform);--awb-caption-title-line-height:var(--h2_typography-line-height);--awb-caption-title-letter-spacing:var(--h2_typography-letter-spacing);\"><span class=\" fusion-imageframe imageframe-none imageframe-2 hover-type-none\"><img decoding=\"async\" width=\"2550\" height=\"1650\" title=\"02_logo2_page-0001\" src=\"http:\/\/tingambato.gob.mx\/wp-content\/uploads\/2024\/10\/02_logo2_page-0001.png\" data-orig-src=\"http:\/\/tingambato.gob.mx\/wp-content\/uploads\/2024\/10\/02_logo2_page-0001.png\" alt class=\"lazyload img-responsive wp-image-691\" srcset=\"data:image\/svg+xml,%3Csvg%20xmlns%3D%27http%3A%2F%2Fwww.w3.org%2F2000%2Fsvg%27%20width%3D%272550%27%20height%3D%271650%27%20viewBox%3D%270%200%202550%201650%27%3E%3Crect%20width%3D%272550%27%20height%3D%271650%27%20fill-opacity%3D%220%22%2F%3E%3C%2Fsvg%3E\" data-srcset=\"http:\/\/tingambato.gob.mx\/wp-content\/uploads\/2024\/10\/02_logo2_page-0001-200x129.png 200w, http:\/\/tingambato.gob.mx\/wp-content\/uploads\/2024\/10\/02_logo2_page-0001-400x259.png 400w, http:\/\/tingambato.gob.mx\/wp-content\/uploads\/2024\/10\/02_logo2_page-0001-600x388.png 600w, http:\/\/tingambato.gob.mx\/wp-content\/uploads\/2024\/10\/02_logo2_page-0001-800x518.png 800w, http:\/\/tingambato.gob.mx\/wp-content\/uploads\/2024\/10\/02_logo2_page-0001-1200x776.png 1200w, http:\/\/tingambato.gob.mx\/wp-content\/uploads\/2024\/10\/02_logo2_page-0001.png 2550w\" data-sizes=\"auto\" data-orig-sizes=\"(max-width: 800px) 100vw, (max-width: 640px) 100vw, 600px\" \/><\/span><\/div><\/div><\/div><\/div><\/div>\n","protected":false},"excerpt":{"rendered":"","protected":false},"author":1,"featured_media":0,"parent":0,"menu_order":0,"comment_status":"closed","ping_status":"closed","template":"","meta":{"footnotes":""},"class_list":["post-850","page","type-page","status-publish","hentry"],"_links":{"self":[{"href":"http:\/\/tingambato.gob.mx\/index.php\/wp-json\/wp\/v2\/pages\/850","targetHints":{"allow":["GET"]}}],"collection":[{"href":"http:\/\/tingambato.gob.mx\/index.php\/wp-json\/wp\/v2\/pages"}],"about":[{"href":"http:\/\/tingambato.gob.mx\/index.php\/wp-json\/wp\/v2\/types\/page"}],"author":[{"embeddable":true,"href":"http:\/\/tingambato.gob.mx\/index.php\/wp-json\/wp\/v2\/users\/1"}],"replies":[{"embeddable":true,"href":"http:\/\/tingambato.gob.mx\/index.php\/wp-json\/wp\/v2\/comments?post=850"}],"version-history":[{"count":4,"href":"http:\/\/tingambato.gob.mx\/index.php\/wp-json\/wp\/v2\/pages\/850\/revisions"}],"predecessor-version":[{"id":861,"href":"http:\/\/tingambato.gob.mx\/index.php\/wp-json\/wp\/v2\/pages\/850\/revisions\/861"}],"wp:attachment":[{"href":"http:\/\/tingambato.gob.mx\/index.php\/wp-json\/wp\/v2\/media?parent=850"}],"curies":[{"name":"wp","href":"https:\/\/api.w.org\/{rel}","templated":true}]}}